{"id":1298,"date":"2019-01-29T10:59:22","date_gmt":"2019-01-29T09:59:22","guid":{"rendered":"http:\/\/stahlmont.pl\/?page_id=1298"},"modified":"2019-02-18T20:22:22","modified_gmt":"2019-02-18T19:22:22","slug":"pracuj-u-nas","status":"publish","type":"page","link":"https:\/\/stalmont.biz\/index.php\/pracuj-u-nas\/","title":{"rendered":"PRACUJ U NAS"},"content":{"rendered":"<p>[vc_row][vc_column]<div class=\"contact font-primary\">\n<div class=\"wpcf7 no-js\" id=\"wpcf7-f1652-o1\" lang=\"pl-PL\" dir=\"ltr\">\n<div class=\"screen-reader-response\"><p role=\"status\" aria-live=\"polite\" aria-atomic=\"true\"><\/p> <ul><\/ul><\/div>\n<form action=\"\/index.php\/wp-json\/wp\/v2\/pages\/1298#wpcf7-f1652-o1\" method=\"post\" class=\"wpcf7-form init\" aria-label=\"Formularz kontaktowy\" novalidate=\"novalidate\" data-status=\"init\">\n<div style=\"display: none;\">\n<input type=\"hidden\" name=\"_wpcf7\" value=\"1652\" \/>\n<input type=\"hidden\" name=\"_wpcf7_version\" value=\"5.7.7\" \/>\n<input type=\"hidden\" name=\"_wpcf7_locale\" value=\"pl_PL\" \/>\n<input type=\"hidden\" name=\"_wpcf7_unit_tag\" value=\"wpcf7-f1652-o1\" \/>\n<input type=\"hidden\" name=\"_wpcf7_container_post\" value=\"0\" \/>\n<input type=\"hidden\" name=\"_wpcf7_posted_data_hash\" value=\"\" \/>\n<\/div>\n<h3>Formularz zg\u0142oszeniowy\n<\/h3>\n<p>Wype\u0142nij poni\u017cszy formularz\n<\/p>\n<table class=\"job-form\" border=\"0\">\n\t<tr>\n\t\t<td>\n\t\t\t<p><label> Imi\u0119 i nazwisko (wymagane)<br \/>\n<span class=\"wpcf7-form-control-wrap\" data-name=\"your-name\"><input size=\"40\" class=\"wpcf7-form-control wpcf7-text wpcf7-validates-as-required\" aria-required=\"true\" aria-invalid=\"false\" value=\"\" type=\"text\" name=\"your-name\" \/><\/span> <\/label>\n\t\t\t<\/p>\n\t\t<\/td>\n\t\t<td>\n\t\t\t<p><label>Stanowisko:<br \/>\n<span class=\"wpcf7-form-control-wrap\" data-name=\"Stanowisko:\"><select class=\"wpcf7-form-control wpcf7-select wpcf7-validates-as-required\" aria-required=\"true\" aria-invalid=\"false\" name=\"Stanowisko:\"><option value=\"Spawacz\">Spawacz<\/option><option value=\"Mechanik maszyn i urz\u0105dze\u0144 przemys\u0142.\">Mechanik maszyn i urz\u0105dze\u0144 przemys\u0142.<\/option><\/select><\/span><br \/>\n<\/label>\n\t\t\t<\/p>\n\t\t<\/td>\n\t<\/tr>\n\t<tr>\n\t\t<td>\n\t\t\t<p><label>Miejscowo\u015b\u0107 zamieszkania:<br \/>\n<span class=\"wpcf7-form-control-wrap\" data-name=\"Miejscowozamieszkania\"><input size=\"40\" class=\"wpcf7-form-control wpcf7-text wpcf7-validates-as-required\" aria-required=\"true\" aria-invalid=\"false\" value=\"\" type=\"text\" name=\"Miejscowozamieszkania\" \/><\/span><br \/>\n<\/label>\n\t\t\t<\/p>\n\t\t<\/td>\n\t\t<td>\n\t\t\t<p><label>Telefon:<br \/>\n<span class=\"wpcf7-form-control-wrap\" data-name=\"Telefon\"><input size=\"40\" class=\"wpcf7-form-control wpcf7-text wpcf7-tel wpcf7-validates-as-required wpcf7-validates-as-tel\" aria-required=\"true\" aria-invalid=\"false\" value=\"\" type=\"tel\" name=\"Telefon\" \/><\/span><br \/>\n<\/label>\n\t\t\t<\/p>\n\t\t<\/td>\n\t<\/tr>\n\t<tr>\n\t\t<td>\n\t\t\t<p><label> Adres email (wymagane)<br \/>\n<span class=\"wpcf7-form-control-wrap\" data-name=\"your-email\"><input size=\"40\" class=\"wpcf7-form-control wpcf7-text wpcf7-email wpcf7-validates-as-required wpcf7-validates-as-email\" aria-required=\"true\" aria-invalid=\"false\" value=\"\" type=\"email\" name=\"your-email\" \/><\/span> <\/label>\n\t\t\t<\/p>\n\t\t<\/td>\n\t\t<td>\n\t\t\t<p><label>Wiek:<br \/>\n<span class=\"wpcf7-form-control-wrap\" data-name=\"Wiek\"><input class=\"wpcf7-form-control wpcf7-number wpcf7-validates-as-required wpcf7-validates-as-number\" min=\"18\" max=\"80\" aria-required=\"true\" aria-invalid=\"false\" value=\"\" type=\"number\" name=\"Wiek\" \/><\/span><\/label>\n\t\t\t<\/p>\n\t\t<\/td>\n\t<\/tr>\n\t<tr>\n\t\t<td>\n\t\t\t<p><label> Wymiary (wzrost\/obw\u00f3d pasa\/rozmiar obuwia):<br \/>\n<span class=\"wpcf7-form-control-wrap\" data-name=\"Wymiary\"><input size=\"40\" class=\"wpcf7-form-control wpcf7-text wpcf7-validates-as-required\" aria-required=\"true\" aria-invalid=\"false\" value=\"\" type=\"text\" name=\"Wymiary\" \/><\/span><br \/>\n<\/label>\n\t\t\t<\/p>\n\t\t<\/td>\n\t\t<td>\n\t\t<\/td>\n\t<\/tr>\n\t<tr>\n\t\t<td>\n\t\t\t<p><label>Do\u015bwiadczenie<br \/>\n<span class=\"wpcf7-form-control-wrap\" data-name=\"Dowiadczenie\"><textarea cols=\"40\" rows=\"10\" class=\"wpcf7-form-control wpcf7-textarea wpcf7-validates-as-required\" aria-required=\"true\" aria-invalid=\"false\" name=\"Dowiadczenie\"><\/textarea><\/span><br \/>\n<\/label>\n\t\t\t<\/p>\n\t\t<\/td>\n\t\t<td>\n\t\t\t<p><label>Dodatkowe umiej\u0119tno\u015bci:<br \/>\n<span class=\"wpcf7-form-control-wrap\" data-name=\"Umiejtnoci\"><textarea cols=\"40\" rows=\"10\" class=\"wpcf7-form-control wpcf7-textarea\" aria-invalid=\"false\" name=\"Umiejtnoci\"><\/textarea><\/span><br \/>\n<\/label>\n\t\t\t<\/p>\n\t\t<\/td>\n\t<\/tr>\n\t<tr>\n\t\t<td>\n\t\t\t<p><label>Uprawnienia \/ Kursy \/ Certyfikaty:<br \/>\n<span class=\"wpcf7-form-control-wrap\" data-name=\"Uprawnienia\"><textarea cols=\"40\" rows=\"10\" class=\"wpcf7-form-control wpcf7-textarea\" aria-invalid=\"false\" name=\"Uprawnienia\"><\/textarea><\/span><br \/>\n<\/label>\n\t\t\t<\/p>\n\t\t<\/td>\n\t\t<td>\n\t\t<\/td>\n\t<\/tr>\n\t<tr>\n\t\t<td colspan=\"2\" align=\"center\">\n\t\t\t<p><input class=\"wpcf7-form-control has-spinner wpcf7-submit\" type=\"submit\" value=\"Wy\u015blij\" \/>\n\t\t\t<\/p>\n\t\t<\/td>\n\t<\/tr>\n<\/table>\n<p><span style=\"font-size:10px;font-weight:300\"><br \/>\n<span class=\"wpcf7-form-control-wrap\" data-name=\"acceptance-843\"><span class=\"wpcf7-form-control wpcf7-acceptance\"><span class=\"wpcf7-list-item\"><label><input type=\"checkbox\" name=\"acceptance-843\" value=\"1\" aria-invalid=\"false\" \/><span class=\"wpcf7-list-item-label\">Na podstawie art. 13 rozporz\u0105dzenia Parlamentu Europejskiego i Rady (UE) 2016\/679 z 27 kwietnia 2016 roku w sprawie ochrony os\u00f3b fizycznych w zwi\u0105zku z przetwarzaniem danych osobowych i w sprawie swobodnego przep\u0142ywu takich danych oraz uchylenia dyrektywy 95\/46\/WE tzw. RODO informuj\u0119, i\u017c:\n\n1.     Administratorem Pani\/Pana danych osobowych jest Stal-Mont Sp. z o.o. Sp.k. z siedzib\u0105 w S\u0142o\u0144sku, ul. 3 Lutego 1\/5, 66-436 S\u0142o\u0144sk., NIP:4290082467, KRS: 0000822718 nr telefonu: +48 95 757 0987.\n\n2.     Pani\/Pana dane osobowe b\u0119d\u0105 przetwarzane w celu realizacji umowy na podstawie art. 6 ust. 1 lit. b RODO\n\n3.     Odbiorcami Pani\/Pana danych osobowych b\u0119d\u0105 podmioty uczestnicz\u0105ce w realizacji umowy.\n\n4.     Pani\/Pana dane osobowe b\u0119d\u0105 przechowywane przez okres 8 lat w celu dochodzenia ewentualnych roszcze\u0144, a w pozosta\u0142ych przypadkach do momentu ustania przyczyn biznesowych oraz do momentu odwo\u0142ania zgody\n\n5.     Posiada Pani\/Pan prawo do \u017c\u0105dania od administratora dost\u0119pu do danych osobowych, prawo do ich sprostowania, usuni\u0119cia lub ograniczenia przetwarzania, prawo do wniesienia sprzeciwu wobec przetwarzania, prawo do przenoszenia danych, prawo do cofni\u0119cia zgody w dowolnym momencie.\n\n6.     Ma Pani\/Pan prawo do wniesienia skargi do Prezesa Urz\u0119du Ochrony Danych Osobowych, gdy uzna Pani\/Pan, \u017ce przetwarzanie danych osobowych Pani\/Pana dotycz\u0105cych narusza przepisy RODO\n\n7.     Podanie przez Pani\u0105\/Pana danych osobowych jest dobrowolne, jednak\u017ce odmowa podania danych osobowych mo\u017ce skutkowa\u0107 odmow\u0105 zawarcia umowy.<\/span><\/label><\/span><\/span><\/span><br \/>\n<\/span>\n<\/p><p style=\"display: none !important;\" class=\"akismet-fields-container\" data-prefix=\"_wpcf7_ak_\"><label>&#916;<textarea name=\"_wpcf7_ak_hp_textarea\" cols=\"45\" rows=\"8\" maxlength=\"100\"><\/textarea><\/label><input type=\"hidden\" id=\"ak_js_1\" name=\"_wpcf7_ak_js\" value=\"226\"\/><script>document.getElementById( \"ak_js_1\" ).setAttribute( \"value\", ( new Date() ).getTime() );<\/script><\/p><div class=\"wpcf7-response-output\" aria-hidden=\"true\"><\/div>\n<\/form>\n<\/div>\n<\/div>[\/vc_column][\/vc_row]<\/p>\n","protected":false},"excerpt":{"rendered":"<p>[vc_row][vc_column][\/vc_column][\/vc_row]<\/p>\n","protected":false},"author":1,"featured_media":0,"parent":0,"menu_order":0,"comment_status":"closed","ping_status":"closed","template":"","meta":{"footnotes":""},"class_list":["post-1298","page","type-page","status-publish","hentry"],"aioseo_notices":[],"_links":{"self":[{"href":"https:\/\/stalmont.biz\/index.php\/wp-json\/wp\/v2\/pages\/1298","targetHints":{"allow":["GET"]}}],"collection":[{"href":"https:\/\/stalmont.biz\/index.php\/wp-json\/wp\/v2\/pages"}],"about":[{"href":"https:\/\/stalmont.biz\/index.php\/wp-json\/wp\/v2\/types\/page"}],"author":[{"embeddable":true,"href":"https:\/\/stalmont.biz\/index.php\/wp-json\/wp\/v2\/users\/1"}],"replies":[{"embeddable":true,"href":"https:\/\/stalmont.biz\/index.php\/wp-json\/wp\/v2\/comments?post=1298"}],"version-history":[{"count":2,"href":"https:\/\/stalmont.biz\/index.php\/wp-json\/wp\/v2\/pages\/1298\/revisions"}],"predecessor-version":[{"id":1653,"href":"https:\/\/stalmont.biz\/index.php\/wp-json\/wp\/v2\/pages\/1298\/revisions\/1653"}],"wp:attachment":[{"href":"https:\/\/stalmont.biz\/index.php\/wp-json\/wp\/v2\/media?parent=1298"}],"curies":[{"name":"wp","href":"https:\/\/api.w.org\/{rel}","templated":true}]}}