{"id":1615,"date":"2019-02-11T14:07:05","date_gmt":"2019-02-11T13:07:05","guid":{"rendered":"http:\/\/stahlmont.pl\/?page_id=1615"},"modified":"2021-08-27T16:28:08","modified_gmt":"2021-08-27T14:28:08","slug":"personalvermittlung-bei-stahlmont-a","status":"publish","type":"page","link":"https:\/\/stalmont.biz\/index.php\/de\/personalvermittlung-bei-stahlmont-a\/","title":{"rendered":"Personalvermittlung bei Stal-Mont"},"content":{"rendered":"<h2 style=\"text-align: center;\">Personalvermittlung bei Stal-Mont<\/h2>\n<p>Den Anspr\u00fcchen des Arbeitsmarktes gewachsen bieten wir Vermittlung von qualifizierten Fachkr\u00e4ften an. Die gr\u00fcndliche Rekrutierung der Bewerber aus unterschiedlichen Branchen ist unser Aufwand. Die schwierigen Aufgaben der Verwaltung, sowie HR-Abteilung \u00fcbernehmen wir f\u00fcr Sie gern und s\u00e4nken damit die gestiegenen Aufwand und Kosten. Gleichzeitig erm\u00f6glichen wir den potenziellen Arbeitsnehmern kundenspezifische Qualifikationen und Zertifikate zu erwerben.<\/p>\n","protected":false},"excerpt":{"rendered":"<p>Personalvermittlung bei Stal-Mont Den Anspr\u00fcchen des Arbeitsmarktes gewachsen bieten wir Vermittlung von qualifizierten Fachkr\u00e4ften an. Die gr\u00fcndliche Rekrutierung der Bewerber aus unterschiedlichen Branchen ist unser Aufwand. Die schwierigen Aufgaben der Verwaltung, sowie HR-Abteilung \u00fcbernehmen wir f\u00fcr Sie gern und s\u00e4nken damit die gestiegenen Aufwand und Kosten. Gleichzeitig erm\u00f6glichen wir den potenziellen Arbeitsnehmern kundenspezifische Qualifikationen und Zertifikate zu erwerben.<\/p>\n","protected":false},"author":1,"featured_media":0,"parent":0,"menu_order":0,"comment_status":"closed","ping_status":"closed","template":"","meta":{"footnotes":""},"class_list":["post-1615","page","type-page","status-publish","hentry"],"aioseo_notices":[],"_links":{"self":[{"href":"https:\/\/stalmont.biz\/index.php\/wp-json\/wp\/v2\/pages\/1615","targetHints":{"allow":["GET"]}}],"collection":[{"href":"https:\/\/stalmont.biz\/index.php\/wp-json\/wp\/v2\/pages"}],"about":[{"href":"https:\/\/stalmont.biz\/index.php\/wp-json\/wp\/v2\/types\/page"}],"author":[{"embeddable":true,"href":"https:\/\/stalmont.biz\/index.php\/wp-json\/wp\/v2\/users\/1"}],"replies":[{"embeddable":true,"href":"https:\/\/stalmont.biz\/index.php\/wp-json\/wp\/v2\/comments?post=1615"}],"version-history":[{"count":3,"href":"https:\/\/stalmont.biz\/index.php\/wp-json\/wp\/v2\/pages\/1615\/revisions"}],"predecessor-version":[{"id":1882,"href":"https:\/\/stalmont.biz\/index.php\/wp-json\/wp\/v2\/pages\/1615\/revisions\/1882"}],"wp:attachment":[{"href":"https:\/\/stalmont.biz\/index.php\/wp-json\/wp\/v2\/media?parent=1615"}],"curies":[{"name":"wp","href":"https:\/\/api.w.org\/{rel}","templated":true}]}}