{"id":1631,"date":"2019-02-11T14:30:53","date_gmt":"2019-02-11T13:30:53","guid":{"rendered":"http:\/\/stahlmont.pl\/?page_id=1631"},"modified":"2021-08-27T16:29:47","modified_gmt":"2021-08-27T14:29:47","slug":"uslugi-kompleksowe-w-stahlmont","status":"publish","type":"page","link":"https:\/\/stalmont.biz\/index.php\/uslugi-kompleksowe-w-stahlmont\/","title":{"rendered":"Us\u0142ugi kompleksowe w Stal-Mont"},"content":{"rendered":"\t\t<div data-elementor-type=\"wp-post\" data-elementor-id=\"1631\" class=\"elementor elementor-1631\">\n\t\t\t\t\t\t\t\t\t<section class=\"elementor-section elementor-top-section elementor-element elementor-element-28bffa82 elementor-section-height-full elementor-section-content-middle elementor-section-stretched elementor-section-boxed elementor-section-height-default elementor-section-items-middle\" data-id=\"28bffa82\" data-element_type=\"section\" data-settings=\"{&quot;background_background&quot;:&quot;classic&quot;,&quot;stretch_section&quot;:&quot;section-stretched&quot;}\">\n\t\t\t\t\t\t\t<div class=\"elementor-background-overlay\"><\/div>\n\t\t\t\t\t\t\t<div class=\"elementor-container elementor-column-gap-default\">\n\t\t\t\t\t<div class=\"elementor-column elementor-col-100 elementor-top-column elementor-element elementor-element-5bb0b81a\" data-id=\"5bb0b81a\" data-element_type=\"column\">\n\t\t\t<div class=\"elementor-widget-wrap elementor-element-populated\">\n\t\t\t\t\t\t\t\t<div class=\"elementor-element elementor-element-3b3530c3 elementor-widget elementor-widget-heading\" data-id=\"3b3530c3\" data-element_type=\"widget\" data-widget_type=\"heading.default\">\n\t\t\t\t<div class=\"elementor-widget-container\">\n\t\t\t<h5 class=\"elementor-heading-title elementor-size-default\">AGENCJA PO\u015aREDNICTWA PRACY<\/h5>\t\t<\/div>\n\t\t\t\t<\/div>\n\t\t\t\t<div class=\"elementor-element elementor-element-44797488 elementor-widget elementor-widget-heading\" data-id=\"44797488\" data-element_type=\"widget\" data-widget_type=\"heading.default\">\n\t\t\t\t<div class=\"elementor-widget-container\">\n\t\t\t<h2 class=\"elementor-heading-title elementor-size-default\">US\u0141UGI KOMPLEKSOWE<br>W STAHLMONT<\/h2>\t\t<\/div>\n\t\t\t\t<\/div>\n\t\t\t\t<div class=\"elementor-element elementor-element-eb83e1d elementor-widget elementor-widget-text-editor\" data-id=\"eb83e1d\" data-element_type=\"widget\" data-widget_type=\"text-editor.default\">\n\t\t\t\t<div class=\"elementor-widget-container\">\n\t\t\t\t\t\t\t<p>Dzi\u0119ki naszym pracownikom i podwykonawcom z ca\u0142ej Polski jeste\u015bmy w stanie d\u0142ugoterminowo realizowa\u0107 z\u0142o\u017cone projekty w r\u00f3\u017cnych bran\u017cach. Kontrakty pozwalaj\u0105 nam planowa\u0107 grupy robocze na podstawie konkretnego projektu, aby zapewni\u0107 wydajno\u015b\u0107 i konkurencyjno\u015b\u0107 Pa\u0144stwa firmy.<\/p>\t\t\t\t\t\t<\/div>\n\t\t\t\t<\/div>\n\t\t\t\t\t<\/div>\n\t\t<\/div>\n\t\t\t\t\t\t\t<\/div>\n\t\t<\/section>\n\t\t\t\t\t\t\t<\/div>\n\t\t","protected":false},"excerpt":{"rendered":"<p>AGENCJA PO\u015aREDNICTWA PRACY US\u0141UGI KOMPLEKSOWE W STAL-MONT Dzi\u0119ki naszym pracownikom i podwykonawcom z ca\u0142ej Polski jeste\u015bmy w stanie d\u0142ugoterminowo realizowa\u0107 z\u0142o\u017cone projekty w r\u00f3\u017cnych bran\u017cach. Kontrakty pozwalaj\u0105 nam planowa\u0107 grupy robocze na podstawie konkretnego projektu, aby zapewni\u0107 wydajno\u015b\u0107 i konkurencyjno\u015b\u0107 Pa\u0144stwa firmy.<\/p>\n","protected":false},"author":1,"featured_media":0,"parent":0,"menu_order":0,"comment_status":"closed","ping_status":"closed","template":"","meta":{"footnotes":""},"class_list":["post-1631","page","type-page","status-publish","hentry"],"aioseo_notices":[],"_links":{"self":[{"href":"https:\/\/stalmont.biz\/index.php\/wp-json\/wp\/v2\/pages\/1631","targetHints":{"allow":["GET"]}}],"collection":[{"href":"https:\/\/stalmont.biz\/index.php\/wp-json\/wp\/v2\/pages"}],"about":[{"href":"https:\/\/stalmont.biz\/index.php\/wp-json\/wp\/v2\/types\/page"}],"author":[{"embeddable":true,"href":"https:\/\/stalmont.biz\/index.php\/wp-json\/wp\/v2\/users\/1"}],"replies":[{"embeddable":true,"href":"https:\/\/stalmont.biz\/index.php\/wp-json\/wp\/v2\/comments?post=1631"}],"version-history":[{"count":9,"href":"https:\/\/stalmont.biz\/index.php\/wp-json\/wp\/v2\/pages\/1631\/revisions"}],"predecessor-version":[{"id":1884,"href":"https:\/\/stalmont.biz\/index.php\/wp-json\/wp\/v2\/pages\/1631\/revisions\/1884"}],"wp:attachment":[{"href":"https:\/\/stalmont.biz\/index.php\/wp-json\/wp\/v2\/media?parent=1631"}],"curies":[{"name":"wp","href":"https:\/\/api.w.org\/{rel}","templated":true}]}}