{"id":1756,"date":"2019-05-13T16:35:49","date_gmt":"2019-05-13T14:35:49","guid":{"rendered":"http:\/\/stahlmont.pl\/?page_id=1756"},"modified":"2021-08-27T16:30:26","modified_gmt":"2021-08-27T14:30:26","slug":"zatrudnienie-tymczasowe-stahl-mont","status":"publish","type":"page","link":"https:\/\/stalmont.biz\/index.php\/zatrudnienie-tymczasowe-stahl-mont\/","title":{"rendered":"ZATRUDNIENIE TYMCZASOWE W STAL-MONT"},"content":{"rendered":"\t\t<div data-elementor-type=\"wp-post\" data-elementor-id=\"1756\" class=\"elementor elementor-1756\">\n\t\t\t\t\t\t\t\t\t<section class=\"elementor-section elementor-top-section elementor-element elementor-element-28bffa82 elementor-section-height-full elementor-section-content-middle elementor-section-stretched elementor-section-boxed elementor-section-height-default elementor-section-items-middle\" data-id=\"28bffa82\" data-element_type=\"section\" data-settings=\"{&quot;background_background&quot;:&quot;classic&quot;,&quot;stretch_section&quot;:&quot;section-stretched&quot;}\">\n\t\t\t\t\t\t\t<div class=\"elementor-background-overlay\"><\/div>\n\t\t\t\t\t\t\t<div class=\"elementor-container elementor-column-gap-default\">\n\t\t\t\t\t<div class=\"elementor-column elementor-col-100 elementor-top-column elementor-element elementor-element-5bb0b81a\" data-id=\"5bb0b81a\" data-element_type=\"column\">\n\t\t\t<div class=\"elementor-widget-wrap elementor-element-populated\">\n\t\t\t\t\t\t\t\t<div class=\"elementor-element elementor-element-3b3530c3 elementor-widget elementor-widget-heading\" data-id=\"3b3530c3\" data-element_type=\"widget\" data-widget_type=\"heading.default\">\n\t\t\t\t<div class=\"elementor-widget-container\">\n\t\t\t<h5 class=\"elementor-heading-title elementor-size-default\">AGENCJA PO\u015aREDNICTWA PRACY<\/h5>\t\t<\/div>\n\t\t\t\t<\/div>\n\t\t\t\t<div class=\"elementor-element elementor-element-44797488 elementor-widget elementor-widget-heading\" data-id=\"44797488\" data-element_type=\"widget\" data-widget_type=\"heading.default\">\n\t\t\t\t<div class=\"elementor-widget-container\">\n\t\t\t<h2 class=\"elementor-heading-title elementor-size-default\">ZATRUDNIENIE TYMCZASOWE<br\/>W STAHLMONT<\/h2>\t\t<\/div>\n\t\t\t\t<\/div>\n\t\t\t\t<div class=\"elementor-element elementor-element-eb83e1d elementor-widget elementor-widget-text-editor\" data-id=\"eb83e1d\" data-element_type=\"widget\" data-widget_type=\"text-editor.default\">\n\t\t\t\t<div class=\"elementor-widget-container\">\n\t\t\t\t\t\t\t<p>Szeroka oferta dla firm o r\u00f3\u017cnych strukturach i bran\u017cach. Rozwi\u0105zujemy problemem brak\u00f3w personalnych dzi\u0119ki rozwi\u0105zaniom kr\u00f3tkoterminowym i pracujemy ze zmotywowanymi i zaanga\u017cowanymi lud\u017ami &#8211; pracownikami tymczasowymi. Dla klienta przejmujemy werbowanie pracownik\u00f3w, przeprowadzamy ca\u0142y proces rekrutacji, kontrolujemy i nadzorujemy prac\u0119 tych pracownik\u00f3w.<\/p>\t\t\t\t\t\t<\/div>\n\t\t\t\t<\/div>\n\t\t\t\t\t<\/div>\n\t\t<\/div>\n\t\t\t\t\t\t\t<\/div>\n\t\t<\/section>\n\t\t\t\t\t\t\t<\/div>\n\t\t","protected":false},"excerpt":{"rendered":"<p>AGENCJA PO\u015aREDNICTWA PRACY ZATRUDNIENIE TYMCZASOWE W STAL-MONT Szeroka oferta dla firm o r\u00f3\u017cnych strukturach i bran\u017cach. Rozwi\u0105zujemy problemem brak\u00f3w personalnych dzi\u0119ki rozwi\u0105zaniom kr\u00f3tkoterminowym i pracujemy ze zmotywowanymi i zaanga\u017cowanymi lud\u017ami &#8211; pracownikami tymczasowymi. Dla klienta przejmujemy werbowanie pracownik\u00f3w, przeprowadzamy ca\u0142y proces rekrutacji, kontrolujemy i nadzorujemy prac\u0119 tych pracownik\u00f3w.<\/p>\n","protected":false},"author":1,"featured_media":0,"parent":0,"menu_order":0,"comment_status":"closed","ping_status":"closed","template":"","meta":{"footnotes":""},"class_list":["post-1756","page","type-page","status-publish","hentry"],"aioseo_notices":[],"_links":{"self":[{"href":"https:\/\/stalmont.biz\/index.php\/wp-json\/wp\/v2\/pages\/1756","targetHints":{"allow":["GET"]}}],"collection":[{"href":"https:\/\/stalmont.biz\/index.php\/wp-json\/wp\/v2\/pages"}],"about":[{"href":"https:\/\/stalmont.biz\/index.php\/wp-json\/wp\/v2\/types\/page"}],"author":[{"embeddable":true,"href":"https:\/\/stalmont.biz\/index.php\/wp-json\/wp\/v2\/users\/1"}],"replies":[{"embeddable":true,"href":"https:\/\/stalmont.biz\/index.php\/wp-json\/wp\/v2\/comments?post=1756"}],"version-history":[{"count":5,"href":"https:\/\/stalmont.biz\/index.php\/wp-json\/wp\/v2\/pages\/1756\/revisions"}],"predecessor-version":[{"id":1885,"href":"https:\/\/stalmont.biz\/index.php\/wp-json\/wp\/v2\/pages\/1756\/revisions\/1885"}],"wp:attachment":[{"href":"https:\/\/stalmont.biz\/index.php\/wp-json\/wp\/v2\/media?parent=1756"}],"curies":[{"name":"wp","href":"https:\/\/api.w.org\/{rel}","templated":true}]}}